{"id":1978,"date":"2022-03-10T14:23:27","date_gmt":"2022-03-10T13:23:27","guid":{"rendered":"https:\/\/pusteblume-wangen.de\/imprint\/"},"modified":"2023-07-20T15:21:46","modified_gmt":"2023-07-20T13:21:46","slug":"imprint","status":"publish","type":"page","link":"https:\/\/pusteblume-wangen.de\/en\/imprint\/","title":{"rendered":"Imprint"},"content":{"rendered":"<div class=\"wpb-content-wrapper\"><p>[vc_row full_width=&#8221;stretch_row&#8221; bg_type=&#8221;bg_color&#8221; bg_color_value=&#8221;#fef7e5&#8243;][vc_column]<div class=\"ult-spacer spacer-69e31b21cc05c\" data-id=\"69e31b21cc05c\" data-height=\"260\" data-height-mobile=\"260\" data-height-tab=\"260\" data-height-tab-portrait=\"\" data-height-mobile-landscape=\"\" style=\"clear:both;display:block;\"><\/div>[\/vc_column][\/vc_row][vc_row][vc_column]<div class=\"ult-spacer spacer-69e31b21cc0bf\" data-id=\"69e31b21cc0bf\" data-height=\"60\" data-height-mobile=\"40\" data-height-tab=\"60\" data-height-tab-portrait=\"40\" data-height-mobile-landscape=\"40\" style=\"clear:both;display:block;\"><\/div>[\/vc_column][\/vc_row][vc_row][vc_column][vc_column_text css_animation=&#8221;bottom-to-top&#8221;]<\/p>\n<h1 class=\"cyrene-64 primary pad-60\" style=\"text-align: center;\">Imprint<\/h1>\n<h2 class=\"cyrene-34 pad-20\" style=\"text-align: center;\">According to \u00a7 5 TMG<\/h2>\n<p class=\"pad-40\" style=\"text-align: center;\"><strong>Pusteblume Allg\u00e4u<\/strong><br \/>\nSieghard Schneider<br \/>\nGr\u00fcntenweg 18<br \/>\n88239 Wangen im Allg\u00e4u<\/p>\n<h2 class=\"cyrene-34 pad-20\" style=\"text-align: center;\">Contact<\/h2>\n<p class=\"pad-40\" style=\"text-align: center;\">Telefon: +49 151 11535790<br \/>\nE-Mail: <a href=\"mailto:info@pusteblume-wangen.de\">info@pusteblume-wangen.de<\/a><\/p>\n<h2 class=\"cyrene-34 pad-20\" style=\"text-align: center;\">Tax-ID<\/h2>\n<p class=\"pad-40\" style=\"text-align: center;\">Tax-ID according to \u00a7 27 a Umsatzsteuergesetz (Sales Tax Act):<br \/>\nDE 222065615<\/p>\n<h2 class=\"cyrene-34 pad-20\" style=\"text-align: center;\">Editorial responsible<\/h2>\n<p class=\"pad-40\" style=\"text-align: center;\">Sieghard Schneider<br \/>\nGr\u00fcntenweg 18<br \/>\n88239 Wangen im Allg\u00e4u<\/p>\n<h2 class=\"cyrene-34 pad-20\" style=\"text-align: center;\">EU Dispute Settlement<\/h2>\n<p class=\"pad-40\" style=\"text-align: center;\">The European Commission provides a platform for online dispute resolutions: <a href=\"https:\/\/ec.europa.eu\/consumers\/odr\/\" target=\"_blank\" rel=\"noopener noreferrer\">https:\/\/ec.europa.eu\/consumers\/odr\/<\/a>.<br \/>\nOur Email can be found above in the Imprint.<\/p>\n<h2 class=\"cyrene-34 pad-20\" style=\"text-align: center;\">Consumer dispute resolution\/ universal arbitration board<\/h2>\n<p style=\"text-align: center;\">We are not willing or obliged to participate in dispute settlement procedures before a consumer arbitration board.<\/p>\n<p>[\/vc_column_text]<div class=\"ult-spacer spacer-69e31b21cc100\" data-id=\"69e31b21cc100\" data-height=\"60\" data-height-mobile=\"40\" data-height-tab=\"60\" data-height-tab-portrait=\"40\" data-height-mobile-landscape=\"40\" style=\"clear:both;display:block;\"><\/div>[vc_column_text css_animation=&#8221;bottom-to-top&#8221;]<\/p>\n<h3 class=\"cyrene-34 pad-20\" style=\"text-align: center;\">Realization<\/h3>\n<p style=\"text-align: center;\">This website was realized by the digital agency: <a href=\"https:\/\/helloblack.digital\" target=\"_blank\" rel=\"noopener\">Digitalagentur helloblack from Wangen im Allg\u00e4u<\/a>.<\/p>\n<p style=\"text-align: center;\"><strong>helloblack GmbH<br \/>\n<\/strong>Bindstra\u00dfe 1<br \/>\n88239 Wangen im Allg\u00e4u<br \/>\n<a href=\"https:\/\/helloblack.digital\" target=\"_blank\" rel=\"noopener\">helloblack.digital<\/a><\/p>\n<p>[\/vc_column_text][\/vc_column][\/vc_row][vc_row][vc_column]<div class=\"ult-spacer spacer-69e31b21cc138\" data-id=\"69e31b21cc138\" data-height=\"60\" data-height-mobile=\"40\" data-height-tab=\"60\" data-height-tab-portrait=\"40\" data-height-mobile-landscape=\"40\" style=\"clear:both;display:block;\"><\/div>[\/vc_column][\/vc_row][vc_section][vc_row][vc_column]<div class=\"ult-spacer spacer-69e31b21cc16d\" data-id=\"69e31b21cc16d\" data-height=\"30\" data-height-mobile=\"20\" data-height-tab=\"30\" data-height-tab-portrait=\"20\" data-height-mobile-landscape=\"20\" style=\"clear:both;display:block;\"><\/div>[\/vc_column][\/vc_row][vc_row][vc_column][vc_column_text css_animation=&#8221;fadeInUp&#8221; el_class=&#8221;stoerer-anfrage&#8221; css=&#8221;.vc_custom_1647339433550{margin-bottom: 0px !important;padding-bottom: 0px !important;}&#8221;]<\/p>\n<p style=\"text-align: center;\">Your request<\/p>\n<p>[\/vc_column_text][vc_row_inner equal_height=&#8221;yes&#8221; css=&#8221;.vc_custom_1648201850037{background-color: #fef7e5 !important;}&#8221; el_class=&#8221;m-minus40-anfrage&#8221;][vc_column_inner width=&#8221;5\/12&#8243; offset=&#8221;vc_col-lg-5 vc_col-md-5&#8243;]<div class=\"ult-spacer spacer-69e31b21cc19d\" data-id=\"69e31b21cc19d\" data-height=\"50\" data-height-mobile=\"50\" data-height-tab=\"50\" data-height-tab-portrait=\"\" data-height-mobile-landscape=\"\" style=\"clear:both;display:block;\"><\/div><div class=\"aio-icon-component   iconboxen2 style_3\"><a class=\"aio-icon-box-link\" href=\"#\" ><div id=\"Info-box-wrap-2649\" class=\"aio-icon-box top-icon\" style=\"\"  ><div class=\"aio-icon-top\"><div class=\"ult-just-icon-wrapper  \"><div class=\"align-icon\" style=\"text-align:center;\">\n<div class=\"aio-icon-img \" style=\"font-size:100px;display:inline-block;\" >\n\t<img decoding=\"async\" class=\"img-icon\" alt=\"null\" src=\"https:\/\/pusteblume-wangen.de\/wp-content\/uploads\/2022\/03\/phone_circle.svg\"\/>\n<\/div><\/div><\/div><\/div><div class=\"aio-icon-header\" ><h3 class=\"aio-icon-title ult-responsive\"  data-ultimate-target='#Info-box-wrap-2649 .aio-icon-title'  data-responsive-json-new='{\"font-size\":\"\",\"line-height\":\"\"}'  style=\"\">+49 7522 9733901<\/h3><\/div> <!-- header --><\/div> <!-- aio-icon-box --><\/a><\/div> <!-- aio-icon-component --><div class=\"ult-spacer spacer-69e31b21cc7d0\" data-id=\"69e31b21cc7d0\" data-height=\"30\" data-height-mobile=\"0\" data-height-tab=\"30\" data-height-tab-portrait=\"0\" data-height-mobile-landscape=\"0\" style=\"clear:both;display:block;\"><\/div>[\/vc_column_inner][vc_column_inner width=&#8221;1\/6&#8243; offset=&#8221;vc_col-lg-2 vc_col-md-2 vc_hidden-sm vc_hidden-xs&#8221;]<div class=\"ult-spacer spacer-69e31b21cc811\" data-id=\"69e31b21cc811\" data-height=\"50\" data-height-mobile=\"0\" data-height-tab=\"50\" data-height-tab-portrait=\"0\" data-height-mobile-landscape=\"0\" style=\"clear:both;display:block;\"><\/div>[vc_raw_html]PGRpdiBjbGFzcz0ic2VwLWxpbmUiPjwvZGl2Pg==[\/vc_raw_html][\/vc_column_inner][vc_column_inner width=&#8221;5\/12&#8243; offset=&#8221;vc_col-lg-5 vc_col-md-5&#8243;]<div class=\"ult-spacer spacer-69e31b21cc848\" data-id=\"69e31b21cc848\" data-height=\"50\" data-height-mobile=\"0\" data-height-tab=\"50\" data-height-tab-portrait=\"0\" data-height-mobile-landscape=\"0\" style=\"clear:both;display:block;\"><\/div><div class=\"aio-icon-component   iconboxen2 style_3\"><a class=\"aio-icon-box-link\" href=\"mailto:info@pusteblume-wangen.de\" ><div id=\"Info-box-wrap-4603\" class=\"aio-icon-box top-icon\" style=\"\"  ><div class=\"aio-icon-top\"><div class=\"ult-just-icon-wrapper  \"><div class=\"align-icon\" style=\"text-align:center;\">\n<div class=\"aio-icon-img \" style=\"font-size:100px;display:inline-block;\" >\n\t<img decoding=\"async\" class=\"img-icon\" alt=\"null\" src=\"https:\/\/pusteblume-wangen.de\/wp-content\/uploads\/2022\/03\/mail_circle.svg\"\/>\n<\/div><\/div><\/div><\/div><div class=\"aio-icon-header\" ><h3 class=\"aio-icon-title ult-responsive\"  data-ultimate-target='#Info-box-wrap-4603 .aio-icon-title'  data-responsive-json-new='{\"font-size\":\"\",\"line-height\":\"\"}'  style=\"\">info@pusteblume-wangen.de<\/h3><\/div> <!-- header --><\/div> <!-- aio-icon-box --><\/a><\/div> <!-- aio-icon-component --><div class=\"ult-spacer spacer-69e31b21ccc38\" data-id=\"69e31b21ccc38\" data-height=\"30\" data-height-mobile=\"30\" data-height-tab=\"30\" data-height-tab-portrait=\"\" data-height-mobile-landscape=\"\" style=\"clear:both;display:block;\"><\/div>[\/vc_column_inner][\/vc_row_inner]<div class=\"ult-spacer spacer-69e31b21ccc72\" data-id=\"69e31b21ccc72\" data-height=\"30\" data-height-mobile=\"30\" data-height-tab=\"30\" data-height-tab-portrait=\"\" data-height-mobile-landscape=\"\" style=\"clear:both;display:block;\"><\/div>[\/vc_column][\/vc_row][vc_row][vc_column]<div class=\"ult-spacer spacer-69e31b21ccca9\" data-id=\"69e31b21ccca9\" data-height=\"100\" data-height-mobile=\"50\" data-height-tab=\"100\" data-height-tab-portrait=\"50\" data-height-mobile-landscape=\"50\" style=\"clear:both;display:block;\"><\/div>[\/vc_column][\/vc_row][\/vc_section]<\/p>\n<\/div>","protected":false},"excerpt":{"rendered":"<p>[vc_row full_width=&#8221;stretch_row&#8221; bg_type=&#8221;bg_color&#8221; bg_color_value=&#8221;#fef7e5&#8243;][vc_column][\/vc_column][\/vc_row][vc_row][vc_column][\/vc_column][\/vc_row][vc_row][vc_column][vc_column_text css_animation=&#8221;bottom-to-top&#8221;] Imprint According to \u00a7 5 TMG Pusteblume Allg\u00e4u Sieghard Schneider Gr\u00fcntenweg 18 88239 Wangen im Allg\u00e4u Contact Telefon: +49 151 11535790 E-Mail: info@pusteblume-wangen.de Tax-ID Tax-ID according to \u00a7 27 a Umsatzsteuergesetz (Sales Tax Act): DE 222065615 Editorial responsible Sieghard Schneider Gr\u00fcntenweg 18 88239 Wangen im Allg\u00e4u EU Dispute Settlement The [&hellip;]<\/p>\n","protected":false},"author":1,"featured_media":0,"parent":0,"menu_order":7,"comment_status":"closed","ping_status":"closed","template":"","meta":{"inline_featured_image":false,"footnotes":""},"class_list":["post-1978","page","type-page","status-publish","hentry"],"_links":{"self":[{"href":"https:\/\/pusteblume-wangen.de\/en\/wp-json\/wp\/v2\/pages\/1978","targetHints":{"allow":["GET"]}}],"collection":[{"href":"https:\/\/pusteblume-wangen.de\/en\/wp-json\/wp\/v2\/pages"}],"about":[{"href":"https:\/\/pusteblume-wangen.de\/en\/wp-json\/wp\/v2\/types\/page"}],"author":[{"embeddable":true,"href":"https:\/\/pusteblume-wangen.de\/en\/wp-json\/wp\/v2\/users\/1"}],"replies":[{"embeddable":true,"href":"https:\/\/pusteblume-wangen.de\/en\/wp-json\/wp\/v2\/comments?post=1978"}],"version-history":[{"count":0,"href":"https:\/\/pusteblume-wangen.de\/en\/wp-json\/wp\/v2\/pages\/1978\/revisions"}],"wp:attachment":[{"href":"https:\/\/pusteblume-wangen.de\/en\/wp-json\/wp\/v2\/media?parent=1978"}],"curies":[{"name":"wp","href":"https:\/\/api.w.org\/{rel}","templated":true}]}}